{"id":4821,"date":"2020-04-22T10:08:23","date_gmt":"2020-04-22T13:08:23","guid":{"rendered":"http:\/\/abdf.org.br\/gidj\/repositorio\/?page_id=4821"},"modified":"2025-02-12T17:29:20","modified_gmt":"2025-02-12T20:29:20","slug":"sobre-o-redij","status":"publish","type":"page","link":"https:\/\/abdf.org.br\/gidj\/repositorio\/sobre-o-redij\/","title":{"rendered":"Sobre o REDIJ"},"content":{"rendered":"\t\t<div data-elementor-type=\"wp-page\" data-elementor-id=\"4821\" class=\"elementor elementor-4821\">\n\t\t\t\t\t\t<section class=\"elementor-section elementor-top-section elementor-element elementor-element-6a6fb712 elementor-section-height-min-height elementor-section-boxed elementor-section-height-default elementor-section-items-middle\" data-id=\"6a6fb712\" data-element_type=\"section\" data-settings=\"{&quot;background_background&quot;:&quot;classic&quot;}\">\n\t\t\t\t\t\t\t<div class=\"elementor-background-overlay\"><\/div>\n\t\t\t\t\t\t\t<div class=\"elementor-container elementor-column-gap-default\">\n\t\t\t\t\t<div class=\"elementor-column elementor-col-100 elementor-top-column elementor-element elementor-element-72ad9d8e\" data-id=\"72ad9d8e\" data-element_type=\"column\">\n\t\t\t<div class=\"elementor-widget-wrap elementor-element-populated\">\n\t\t\t\t\t\t<div class=\"elementor-element elementor-element-12daa211 elementor-widget elementor-widget-heading\" data-id=\"12daa211\" data-element_type=\"widget\" data-widget_type=\"heading.default\">\n\t\t\t\t<div class=\"elementor-widget-container\">\n\t\t\t\t\t<h2 class=\"elementor-heading-title elementor-size-xxl\">redij<\/h2>\t\t\t\t<\/div>\n\t\t\t\t<\/div>\n\t\t\t\t<div class=\"elementor-element elementor-element-32abf7b3 elementor-widget-divider--view-line elementor-widget elementor-widget-divider\" data-id=\"32abf7b3\" data-element_type=\"widget\" data-widget_type=\"divider.default\">\n\t\t\t\t<div class=\"elementor-widget-container\">\n\t\t\t\t\t\t\t<div class=\"elementor-divider\">\n\t\t\t<span class=\"elementor-divider-separator\">\n\t\t\t\t\t\t<\/span>\n\t\t<\/div>\n\t\t\t\t\t\t<\/div>\n\t\t\t\t<\/div>\n\t\t\t\t<div class=\"elementor-element elementor-element-618394b9 elementor-widget elementor-widget-heading\" data-id=\"618394b9\" data-element_type=\"widget\" data-widget_type=\"heading.default\">\n\t\t\t\t<div class=\"elementor-widget-container\">\n\t\t\t\t\t<p class=\"elementor-heading-title elementor-size-medium\"><b>O REDIJ \u00e9 de acesso aberto e gratuito, desenvolvido por meio de plataforma de software livre e com capacidade de integra\u00e7\u00e3o com sistemas nacionais e internacionais, observando-se o uso de padr\u00f5es e protocolos de integra\u00e7\u00e3o, em especial, aqueles definidos no modelo Open Archives.<\/b><\/p>\t\t\t\t<\/div>\n\t\t\t\t<\/div>\n\t\t\t\t\t<\/div>\n\t\t<\/div>\n\t\t\t\t\t<\/div>\n\t\t<\/section>\n\t\t\t\t<section class=\"elementor-section elementor-top-section elementor-element elementor-element-3db1f17 elementor-section-boxed elementor-section-height-default elementor-section-height-default\" data-id=\"3db1f17\" data-element_type=\"section\" data-settings=\"{&quot;background_background&quot;:&quot;none&quot;}\">\n\t\t\t\t\t\t<div class=\"elementor-container elementor-column-gap-default\">\n\t\t\t\t\t<div class=\"elementor-column elementor-col-100 elementor-top-column elementor-element elementor-element-153dd679\" data-id=\"153dd679\" data-element_type=\"column\" data-settings=\"{&quot;background_background&quot;:&quot;gradient&quot;}\">\n\t\t\t<div class=\"elementor-widget-wrap elementor-element-populated\">\n\t\t\t\t\t\t<div class=\"elementor-element elementor-element-51c36fe8 elementor-widget-divider--view-line elementor-widget elementor-widget-divider\" data-id=\"51c36fe8\" data-element_type=\"widget\" data-widget_type=\"divider.default\">\n\t\t\t\t<div class=\"elementor-widget-container\">\n\t\t\t\t\t\t\t<div class=\"elementor-divider\">\n\t\t\t<span class=\"elementor-divider-separator\">\n\t\t\t\t\t\t<\/span>\n\t\t<\/div>\n\t\t\t\t\t\t<\/div>\n\t\t\t\t<\/div>\n\t\t\t\t<div class=\"elementor-element elementor-element-417e9228 elementor-widget elementor-widget-testimonial\" data-id=\"417e9228\" data-element_type=\"widget\" data-widget_type=\"testimonial.default\">\n\t\t\t\t<div class=\"elementor-widget-container\">\n\t\t\t\t\t\t\t<div class=\"elementor-testimonial-wrapper\">\n\t\t\t\t\t\t\t<div class=\"elementor-testimonial-content\"><br><b>Comit\u00ea Gestor<\/b><br>Edilenice Passos (Coordenadora), Jos\u00e9 Ronaldo Vieira, <br>Maria Tereza Walter e Thiago Gomes Eir\u00e3o<br><br><b>Assessoria<\/b><br>Jo\u00e3o Lima e Leonardo Silva Oliveira<br><br><b>Execu\u00e7\u00e3o, diagrama\u00e7\u00e3o e manuten\u00e7\u00e3o<\/b><br>Leonardo Silva Oliveira<\/div>\n\t\t\t\n\t\t\t\t\t<\/div>\n\t\t\t\t\t\t<\/div>\n\t\t\t\t<\/div>\n\t\t\t\t\t<\/div>\n\t\t<\/div>\n\t\t\t\t\t<\/div>\n\t\t<\/section>\n\t\t\t\t<section class=\"elementor-section elementor-top-section elementor-element elementor-element-358a28dc elementor-section-height-min-height elementor-section-content-middle elementor-section-boxed elementor-section-height-default elementor-section-items-middle\" data-id=\"358a28dc\" data-element_type=\"section\" data-settings=\"{&quot;background_background&quot;:&quot;classic&quot;}\">\n\t\t\t\t\t\t<div class=\"elementor-container elementor-column-gap-default\">\n\t\t\t\t\t<div class=\"elementor-column elementor-col-100 elementor-top-column elementor-element elementor-element-3054d307\" data-id=\"3054d307\" data-element_type=\"column\">\n\t\t\t<div class=\"elementor-widget-wrap elementor-element-populated\">\n\t\t\t\t\t\t<div class=\"elementor-element elementor-element-d9ad408 elementor-widget-divider--view-line elementor-widget elementor-widget-divider\" data-id=\"d9ad408\" data-element_type=\"widget\" data-widget_type=\"divider.default\">\n\t\t\t\t<div class=\"elementor-widget-container\">\n\t\t\t\t\t\t\t<div class=\"elementor-divider\">\n\t\t\t<span class=\"elementor-divider-separator\">\n\t\t\t\t\t\t<\/span>\n\t\t<\/div>\n\t\t\t\t\t\t<\/div>\n\t\t\t\t<\/div>\n\t\t\t\t<div class=\"elementor-element elementor-element-41325876 elementor-widget elementor-widget-heading\" data-id=\"41325876\" data-element_type=\"widget\" data-widget_type=\"heading.default\">\n\t\t\t\t<div class=\"elementor-widget-container\">\n\t\t\t\t\t<h3 class=\"elementor-heading-title elementor-size-default\"><span style=\"font-weight: 700;, sans-serif;font-size: 20.8px\">Pol\u00edticas e objetivos<\/span><\/h3>\t\t\t\t<\/div>\n\t\t\t\t<\/div>\n\t\t\t\t<div class=\"elementor-element elementor-element-39793939 elementor-widget elementor-widget-text-editor\" data-id=\"39793939\" data-element_type=\"widget\" data-widget_type=\"text-editor.default\">\n\t\t\t\t<div class=\"elementor-widget-container\">\n\t\t\t\t\t\t\t\t\t<p><span style=\"font-style: var(--theme-font-style, inherit); font-variant-ligatures: inherit; font-variant-caps: inherit; color: var(--theme-text-color); letter-spacing: var(--theme-letter-spacing); text-transform: var(--theme-text-transform); background-color: rgb(242, 245, 247); font-family: &quot;Roboto Condensed&quot;, sans-serif; font-size: 20.8px; font-weight: 400; white-space-collapse: preserve;\"> <\/span><span style=\"font-family: inherit; font-size: inherit; font-style: inherit; font-variant-ligatures: inherit; font-variant-caps: inherit; color: var(--theme-text-color); letter-spacing: var(--theme-letter-spacing); text-transform: var(--theme-text-transform); font-weight: 400;\">O Reposit\u00f3rio de Documenta\u00e7\u00e3o e Informa\u00e7\u00e3o Jur\u00eddicas (REDIJ) visa preservar promover <\/span><span style=\"font-family: inherit; font-size: inherit; font-style: inherit; font-variant-ligatures: inherit; font-variant-caps: inherit; color: var(--theme-text-color); letter-spacing: var(--theme-letter-spacing); text-transform: var(--theme-text-transform); font-weight: 400;\">o acesso aberto<\/span><span style=\"font-family: inherit; font-size: inherit; font-style: inherit; font-variant-ligatures: inherit; font-variant-caps: inherit; color: var(--theme-text-color); letter-spacing: var(--theme-letter-spacing); text-transform: var(--theme-text-transform); font-weight: 400;\"> \u00e0 produ\u00e7\u00e3o intelectual da \u00e1rea da Documenta\u00e7\u00e3o e Informa\u00e7\u00e3o Jur\u00eddicas, produzida por brasileiros publicada no Brasil ou exterior e por estrangeiros publicada no Brasil.<\/span><\/p>\n<p><span style=\"font-weight: 400;\">Considera-se <\/span><span style=\"font-weight: 400;\">produ\u00e7\u00e3o <\/span><span style=\"font-weight: 400;\">intelectual toda e qualquer <\/span><span style=\"font-weight: 400;\">produ\u00e7\u00e3o <\/span><span style=\"font-weight: 400;\">t\u00e9cnica ou cient\u00edfica, <\/span><span style=\"font-weight: 400;\">seja <\/span><span style=\"font-weight: 400;\">publicada em meio impresso ou digital.<\/span><\/p>\n<p><span style=\"font-weight: 400;\">O REDIJ \u00e9 de acesso aberto e gratuito<\/span><span style=\"font-weight: 400;\">, desenvolvido por meio de plataforma de <\/span><i><span style=\"font-weight: 400;\">software<\/span><\/i><span style=\"font-weight: 400;\"> livre e com capacidade de integra\u00e7\u00e3o com sistemas nacionais e internacionais, observando-se o uso de padr\u00f5es e protocolos de integra\u00e7\u00e3o, em especial, aqueles definidos no modelo <\/span><i><span style=\"font-weight: 400;\">Open Archives<\/span><\/i><span style=\"font-weight: 400;\">.<\/span><\/p>\n<p>O REDIJ tem como objetivos:&nbsp;<\/p>\n<p><span style=\"font-weight: 400;\">I \u2013 possibilitar o registro, a preserva\u00e7\u00e3o e a dissemina\u00e7\u00e3o da produ\u00e7\u00e3o intelectual da \u00e1rea de Documenta\u00e7\u00e3o e Informa\u00e7\u00e3o Jur\u00eddicas;<\/span><\/p>\n<p><span style=\"font-weight: 400;\">II \u2013 fomentar o <\/span><span style=\"font-weight: 400;\">acesso aberto<\/span><span style=\"font-weight: 400;\"> \u00e0 produ\u00e7\u00e3o acad\u00eamica dos profissionais que trabalham com a informa\u00e7\u00e3o jur\u00eddica;<\/span><\/p>\n<p><span style=\"font-weight: 400;\">III \u2013 ampliar a visibilidade da literatura da \u00e1rea de Documenta\u00e7\u00e3o e Informa\u00e7\u00e3o Jur\u00eddicas brasileira;<\/span><\/p>\n<p><span style=\"font-weight: 400;\">IV \u2013 disseminar a produ\u00e7\u00e3o acad\u00eamica, tornando-a fonte permanente de consulta e base para o desenvolvimento de novas pesquisas;<\/span><\/p>\n<p><span style=\"font-weight: 400;\">V \u2013 incentivar o interc\u00e2mbio entre pesquisadores e grupos de pesquisa <\/span><span style=\"font-weight: 400;\">sobre informa\u00e7\u00e3o jur\u00eddica <\/span><span style=\"font-weight: 400;\">do Brasil e do exterior.<\/span><\/p>\t\t\t\t\t\t\t\t<\/div>\n\t\t\t\t<\/div>\n\t\t\t\t\t<\/div>\n\t\t<\/div>\n\t\t\t\t\t<\/div>\n\t\t<\/section>\n\t\t\t\t<\/div>\n\t\t","protected":false},"excerpt":{"rendered":"<p>redij O REDIJ \u00e9 de acesso aberto e gratuito, desenvolvido por meio de plataforma de software livre e com capacidade de integra\u00e7\u00e3o com sistemas nacionais e internacionais, observando-se o uso de padr\u00f5es e protocolos de integra\u00e7\u00e3o, em especial, aqueles definidos no modelo Open Archives. Comit\u00ea GestorEdilenice Passos (Coordenadora), Jos\u00e9 Ronaldo Vieira, Maria Tereza Walter e [&hellip;]<\/p>\n","protected":false},"author":1,"featured_media":0,"parent":0,"menu_order":0,"comment_status":"closed","ping_status":"closed","template":"elementor_header_footer","meta":{"footnotes":""},"class_list":["post-4821","page","type-page","status-publish","hentry"],"blocksy_meta":{"styles_descriptor":{"styles":{"desktop":"","tablet":"","mobile":""},"google_fonts":[],"version":6}},"_links":{"self":[{"href":"https:\/\/abdf.org.br\/gidj\/repositorio\/wp-json\/wp\/v2\/pages\/4821","targetHints":{"allow":["GET"]}}],"collection":[{"href":"https:\/\/abdf.org.br\/gidj\/repositorio\/wp-json\/wp\/v2\/pages"}],"about":[{"href":"https:\/\/abdf.org.br\/gidj\/repositorio\/wp-json\/wp\/v2\/types\/page"}],"author":[{"embeddable":true,"href":"https:\/\/abdf.org.br\/gidj\/repositorio\/wp-json\/wp\/v2\/users\/1"}],"replies":[{"embeddable":true,"href":"https:\/\/abdf.org.br\/gidj\/repositorio\/wp-json\/wp\/v2\/comments?post=4821"}],"version-history":[{"count":28,"href":"https:\/\/abdf.org.br\/gidj\/repositorio\/wp-json\/wp\/v2\/pages\/4821\/revisions"}],"predecessor-version":[{"id":45645,"href":"https:\/\/abdf.org.br\/gidj\/repositorio\/wp-json\/wp\/v2\/pages\/4821\/revisions\/45645"}],"wp:attachment":[{"href":"https:\/\/abdf.org.br\/gidj\/repositorio\/wp-json\/wp\/v2\/media?parent=4821"}],"curies":[{"name":"wp","href":"https:\/\/api.w.org\/{rel}","templated":true}]}}