{"id":1792,"date":"2021-05-08T20:30:19","date_gmt":"2021-05-08T20:30:19","guid":{"rendered":"https:\/\/abdf.org.br\/bibliofest\/?page_id=1792"},"modified":"2021-05-08T20:32:42","modified_gmt":"2021-05-08T20:32:42","slug":"contacao-de-historia","status":"publish","type":"page","link":"https:\/\/abdf.org.br\/bibliofest\/contacao-de-historia\/","title":{"rendered":"Conta\u00e7\u00e3o de hist\u00f3ria"},"content":{"rendered":"\t\t<div data-elementor-type=\"wp-page\" data-elementor-id=\"1792\" class=\"elementor elementor-1792\">\n\t\t\t\t\t\t\t\t\t<section class=\"elementor-section elementor-top-section elementor-element elementor-element-74f3b45f elementor-section-height-min-height elementor-section-items-top elementor-section-boxed elementor-section-height-default\" data-id=\"74f3b45f\" data-element_type=\"section\" data-settings=\"{&quot;background_background&quot;:&quot;gradient&quot;}\">\n\t\t\t\t\t\t<div class=\"elementor-container elementor-column-gap-no\">\n\t\t\t\t\t<div class=\"elementor-column elementor-col-100 elementor-top-column elementor-element elementor-element-9e81390\" data-id=\"9e81390\" data-element_type=\"column\">\n\t\t\t<div class=\"elementor-widget-wrap elementor-element-populated\">\n\t\t\t\t\t\t\t\t<div class=\"elementor-element elementor-element-60c01990 elementor-widget elementor-widget-heading\" data-id=\"60c01990\" data-element_type=\"widget\" data-widget_type=\"heading.default\">\n\t\t\t\t<div class=\"elementor-widget-container\">\n\t\t\t<h2 class=\"elementor-heading-title elementor-size-default\">PROGRAMA\u00c7\u00c3O<\/h2>\t\t<\/div>\n\t\t\t\t<\/div>\n\t\t\t\t<div class=\"elementor-element elementor-element-cc1158b elementor-widget elementor-widget-text-editor\" data-id=\"cc1158b\" data-element_type=\"widget\" data-widget_type=\"text-editor.default\">\n\t\t\t\t<div class=\"elementor-widget-container\">\n\t\t\t\t\t\t\t<p>Conta\u00e7\u00f5es de hist\u00f3rias<\/p>\t\t\t\t\t\t<\/div>\n\t\t\t\t<\/div>\n\t\t\t\t\t<\/div>\n\t\t<\/div>\n\t\t\t\t\t\t\t<\/div>\n\t\t<\/section>\n\t\t\t\t<section class=\"elementor-section elementor-top-section elementor-element elementor-element-4c9656c elementor-section-boxed elementor-section-height-default elementor-section-height-default\" data-id=\"4c9656c\" data-element_type=\"section\">\n\t\t\t\t\t\t<div class=\"elementor-container elementor-column-gap-default\">\n\t\t\t\t\t<div class=\"elementor-column elementor-col-100 elementor-top-column elementor-element elementor-element-003daf5\" data-id=\"003daf5\" data-element_type=\"column\">\n\t\t\t<div class=\"elementor-widget-wrap elementor-element-populated\">\n\t\t\t\t\t\t\t\t<div class=\"elementor-element elementor-element-1bbbd7a elementor-widget elementor-widget-the-events-calendar-addon\" data-id=\"1bbbd7a\" data-element_type=\"widget\" data-widget_type=\"the-events-calendar-addon.default\">\n\t\t\t\t<div class=\"elementor-widget-container\">\n\t\t\t<!=========Events Default List Template 1.4=========><script type=\"application\/ld+json\">\r\n[{\"@context\":\"http:\/\/schema.org\",\"@type\":\"Event\",\"name\":\"Conta\\u00e7\\u00e3o de hist\\u00f3ria\",\"description\":\"&lt;p&gt;PROGRAMA\\u00c7\\u00c3O Conta\\u00e7\\u00f5es de hist\\u00f3rias 07 maio 2021 Conta\\u00e7\\u00f5es de Hist\\u00f3riasSess\\u00e3o de conta\\u00e7\\u00e3o de hist\\u00f3rias - Grupo Paepalanthus 9:00 am - 9:30 am Canal ABDF &#8211; BiblioFest, Hor\\u00e1rio de Bras\\u00edlia, Brasil [&hellip;]&lt;\/p&gt;\\\\n\",\"url\":\"https:\/\/abdf.org.br\/bibliofest\/contacao-de-historia\/\",\"startDate\":\"2026-05-06T14:26:35+00:00\",\"endDate\":\"2026-05-06T14:26:35+00:00\",\"performer\":\"Organization\"}]\r\n<\/script><div id=\"ectbe-events-list-content\" class=\"ectt-list-wrapper\"><div id=\"list-wrp\" class=\"ectbe-list-wrapper all\"><div id=\"event-908\" class=\"ectbe-list-post style-1 ectbe-simple-event\" itemscope itemtype=\"http:\/\/schema.org\/Event\">\r\n\t<div class=\"ectbe-clslist-event-date ectbe-list-date\"><div class=\"ectbe-date-area default-schedule\" itemprop=\"startDate\" content=\"2021-05-07GMT+00009:00\">\r\n                                <span class=\"ev-day\">07<\/span>\r\n                                <span class=\"ev-mo\">maio<\/span>\r\n                                <span class=\"ev-yr\">2021<\/span>\r\n                                <\/div>\r\n                                <meta itemprop=\"endDate\" content=\"2021-05-07GMT+00009:30\"><\/div><div class=\"ectbe-clslist-event-info\">\r\n\t\t\t<div class=\"ectbe-clslist-inner-container\"><div class=\"ectbe-event-category ectbe-list-category\"><ul class=\"tribe_events_cat\"><li><a href=\"https:\/\/abdf.org.br\/bibliofest\/eventos\/categoria\/contacoes-de-historias\/\" rel=\"tag\">Conta\u00e7\u00f5es de Hist\u00f3rias<\/a><\/li><\/ul><\/div><h2 class=\"ectbe-list-title\">Sess\u00e3o de conta\u00e7\u00e3o de hist\u00f3rias - Grupo Paepalanthus<\/h2>\r\n\t\t\t\t\t<div class=\"ectbe-clslist-time\"><span class=\"ectbe-icon\"><i class=\"ectbe-icon-clock\"><\/i><\/span><span class=\"cls-list-time\">9:00 am - 9:30 am<\/span><\/div><div class=\"ectbe-list-venue -venue\"><span class=\"ectbe-icon\"><i class=\"ectbe-icon-location\" aria-hidden=\"true\"><\/i><\/span>\r\n\t\t\t\t<!-- Venue Display Info -->\r\n\t\t\t\t\t<span class=\"ectbe-venue-details ectbe-address\" itemprop=\"location\" itemscope itemtype=\"http:\/\/schema.org\/Place\">\r\n\t\t\t\t\t<meta itemprop=\"name\" content=\"Canal ABDF &#8211; BiblioFest\">\r\n\t\t\t\t\t<div itemprop=\"address\" itemscope itemtype=\"http:\/\/schema.org\/PostalAddress\">\r\n\t\t\t\t\t<meta itemprop=\"name\" content=\"Canal ABDF &#8211; BiblioFest\">\r\n\t\t\t\t\tCanal ABDF &#8211; BiblioFest,<span class=\"tribe-address\">\n\n\n\t<span class=\"tribe-locality\">Hor\u00e1rio de Bras\u00edlia<\/span><span class=\"tribe-delimiter\">,<\/span>\n\n\n\n\t<span class=\"tribe-country-name\">Brasil<\/span>\n\n<\/span>\n\r\n\t\t\t\t\t<\/div><\/span><\/div><\/div><\/div><div class=\"ectbe-clslist-event-details\"><a href=\"https:\/\/abdf.org.br\/bibliofest\/evento\/sessao-de-contacao-de-historias-grupo-paepalanthus-brasilia-df\/\" class=\"tribe-events-read-more\" rel=\"bookmark\">Leia mais<i class=\"ectbe-icon-right-double\"><\/i><\/a><\/div><\/div><div id=\"event-928\" class=\"ectbe-list-post style-1 ectbe-simple-event\" itemscope itemtype=\"http:\/\/schema.org\/Event\">\r\n\t<div class=\"ectbe-clslist-event-date ectbe-list-date\"><div class=\"ectbe-date-area default-schedule\" itemprop=\"startDate\" content=\"2021-05-09GMT+00009:00\">\r\n                                <span class=\"ev-day\">09<\/span>\r\n                                <span class=\"ev-mo\">maio<\/span>\r\n                                <span class=\"ev-yr\">2021<\/span>\r\n                                <\/div>\r\n                                <meta itemprop=\"endDate\" content=\"2021-05-09GMT+00009:30\"><\/div><div class=\"ectbe-clslist-event-info\">\r\n\t\t\t<div class=\"ectbe-clslist-inner-container\"><div class=\"ectbe-event-category ectbe-list-category\"><ul class=\"tribe_events_cat\"><li><a href=\"https:\/\/abdf.org.br\/bibliofest\/eventos\/categoria\/contacoes-de-historias\/\" rel=\"tag\">Conta\u00e7\u00f5es de Hist\u00f3rias<\/a><\/li><\/ul><\/div><h2 class=\"ectbe-list-title\">Sess\u00e3o de conta\u00e7\u00e3o de hist\u00f3rias \u2013 Jorge Marinho<\/h2>\r\n\t\t\t\t\t<div class=\"ectbe-clslist-time\"><span class=\"ectbe-icon\"><i class=\"ectbe-icon-clock\"><\/i><\/span><span class=\"cls-list-time\">9:00 am - 9:30 am<\/span><\/div><div class=\"ectbe-list-venue -venue\"><span class=\"ectbe-icon\"><i class=\"ectbe-icon-location\" aria-hidden=\"true\"><\/i><\/span>\r\n\t\t\t\t<!-- Venue Display Info -->\r\n\t\t\t\t\t<span class=\"ectbe-venue-details ectbe-address\" itemprop=\"location\" itemscope itemtype=\"http:\/\/schema.org\/Place\">\r\n\t\t\t\t\t<meta itemprop=\"name\" content=\"Canal ABDF &#8211; BiblioFest\">\r\n\t\t\t\t\t<div itemprop=\"address\" itemscope itemtype=\"http:\/\/schema.org\/PostalAddress\">\r\n\t\t\t\t\t<meta itemprop=\"name\" content=\"Canal ABDF &#8211; BiblioFest\">\r\n\t\t\t\t\tCanal ABDF &#8211; BiblioFest,<span class=\"tribe-address\">\n\n\n\t<span class=\"tribe-locality\">Hor\u00e1rio de Bras\u00edlia<\/span><span class=\"tribe-delimiter\">,<\/span>\n\n\n\n\t<span class=\"tribe-country-name\">Brasil<\/span>\n\n<\/span>\n\r\n\t\t\t\t\t<\/div><\/span><\/div><\/div><\/div><div class=\"ectbe-clslist-event-details\"><a href=\"https:\/\/abdf.org.br\/bibliofest\/evento\/essao-de-contacao-de-historias-jorge-marinho-brasilia-df\/\" class=\"tribe-events-read-more\" rel=\"bookmark\">Leia mais<i class=\"ectbe-icon-right-double\"><\/i><\/a><\/div><\/div><div id=\"event-948\" class=\"ectbe-list-post style-1 ectbe-simple-event\" itemscope itemtype=\"http:\/\/schema.org\/Event\">\r\n\t<div class=\"ectbe-clslist-event-date ectbe-list-date\"><div class=\"ectbe-date-area default-schedule\" itemprop=\"startDate\" content=\"2021-05-11GMT+00009:00\">\r\n                                <span class=\"ev-day\">11<\/span>\r\n                                <span class=\"ev-mo\">maio<\/span>\r\n                                <span class=\"ev-yr\">2021<\/span>\r\n                                <\/div>\r\n                                <meta itemprop=\"endDate\" content=\"2021-05-11GMT+00009:30\"><\/div><div class=\"ectbe-clslist-event-info\">\r\n\t\t\t<div class=\"ectbe-clslist-inner-container\"><div class=\"ectbe-event-category ectbe-list-category\"><ul class=\"tribe_events_cat\"><li><a href=\"https:\/\/abdf.org.br\/bibliofest\/eventos\/categoria\/contacoes-de-historias\/\" rel=\"tag\">Conta\u00e7\u00f5es de Hist\u00f3rias<\/a><\/li><\/ul><\/div><h2 class=\"ectbe-list-title\">Sess\u00e3o de conta\u00e7\u00e3o de hist\u00f3rias \u2013 Isadora Freire<\/h2>\r\n\t\t\t\t\t<div class=\"ectbe-clslist-time\"><span class=\"ectbe-icon\"><i class=\"ectbe-icon-clock\"><\/i><\/span><span class=\"cls-list-time\">9:00 am - 9:30 pm<\/span><\/div><div class=\"ectbe-list-venue -venue\"><span class=\"ectbe-icon\"><i class=\"ectbe-icon-location\" aria-hidden=\"true\"><\/i><\/span>\r\n\t\t\t\t<!-- Venue Display Info -->\r\n\t\t\t\t\t<span class=\"ectbe-venue-details ectbe-address\" itemprop=\"location\" itemscope itemtype=\"http:\/\/schema.org\/Place\">\r\n\t\t\t\t\t<meta itemprop=\"name\" content=\"Canal ABDF &#8211; BiblioFest\">\r\n\t\t\t\t\t<div itemprop=\"address\" itemscope itemtype=\"http:\/\/schema.org\/PostalAddress\">\r\n\t\t\t\t\t<meta itemprop=\"name\" content=\"Canal ABDF &#8211; BiblioFest\">\r\n\t\t\t\t\tCanal ABDF &#8211; BiblioFest,<span class=\"tribe-address\">\n\n\n\t<span class=\"tribe-locality\">Hor\u00e1rio de Bras\u00edlia<\/span><span class=\"tribe-delimiter\">,<\/span>\n\n\n\n\t<span class=\"tribe-country-name\">Brasil<\/span>\n\n<\/span>\n\r\n\t\t\t\t\t<\/div><\/span><\/div><\/div><\/div><div class=\"ectbe-clslist-event-details\"><a href=\"https:\/\/abdf.org.br\/bibliofest\/evento\/sessao-de-contacao-de-historias-isadora-freire-brasilia-df\/\" class=\"tribe-events-read-more\" rel=\"bookmark\">Leia mais<i class=\"ectbe-icon-right-double\"><\/i><\/a><\/div><\/div><div id=\"event-978\" class=\"ectbe-list-post style-1 ectbe-simple-event\" itemscope itemtype=\"http:\/\/schema.org\/Event\">\r\n\t<div class=\"ectbe-clslist-event-date ectbe-list-date\"><div class=\"ectbe-date-area default-schedule\" itemprop=\"startDate\" content=\"2021-05-13GMT+00009:00\">\r\n                                <span class=\"ev-day\">13<\/span>\r\n                                <span class=\"ev-mo\">maio<\/span>\r\n                                <span class=\"ev-yr\">2021<\/span>\r\n                                <\/div>\r\n                                <meta itemprop=\"endDate\" content=\"2021-05-13GMT+00009:30\"><\/div><div class=\"ectbe-clslist-event-info\">\r\n\t\t\t<div class=\"ectbe-clslist-inner-container\"><div class=\"ectbe-event-category ectbe-list-category\"><ul class=\"tribe_events_cat\"><li><a href=\"https:\/\/abdf.org.br\/bibliofest\/eventos\/categoria\/contacoes-de-historias\/\" rel=\"tag\">Conta\u00e7\u00f5es de Hist\u00f3rias<\/a><\/li><\/ul><\/div><h2 class=\"ectbe-list-title\">Sess\u00e3o de conta\u00e7\u00e3o de hist\u00f3rias \u2013 Ludicontos<\/h2>\r\n\t\t\t\t\t<div class=\"ectbe-clslist-time\"><span class=\"ectbe-icon\"><i class=\"ectbe-icon-clock\"><\/i><\/span><span class=\"cls-list-time\">9:00 am - 9:30 am<\/span><\/div><div class=\"ectbe-list-venue -venue\"><span class=\"ectbe-icon\"><i class=\"ectbe-icon-location\" aria-hidden=\"true\"><\/i><\/span>\r\n\t\t\t\t<!-- Venue Display Info -->\r\n\t\t\t\t\t<span class=\"ectbe-venue-details ectbe-address\" itemprop=\"location\" itemscope itemtype=\"http:\/\/schema.org\/Place\">\r\n\t\t\t\t\t<meta itemprop=\"name\" content=\"Canal ABDF &#8211; BiblioFest\">\r\n\t\t\t\t\t<div itemprop=\"address\" itemscope itemtype=\"http:\/\/schema.org\/PostalAddress\">\r\n\t\t\t\t\t<meta itemprop=\"name\" content=\"Canal ABDF &#8211; BiblioFest\">\r\n\t\t\t\t\tCanal ABDF &#8211; BiblioFest,<span class=\"tribe-address\">\n\n\n\t<span class=\"tribe-locality\">Hor\u00e1rio de Bras\u00edlia<\/span><span class=\"tribe-delimiter\">,<\/span>\n\n\n\n\t<span class=\"tribe-country-name\">Brasil<\/span>\n\n<\/span>\n\r\n\t\t\t\t\t<\/div><\/span><\/div><\/div><\/div><div class=\"ectbe-clslist-event-details\"><a href=\"https:\/\/abdf.org.br\/bibliofest\/evento\/sessao-de-contacao-de-historias-rose-e-hosana-costa-brasilia-df\/\" class=\"tribe-events-read-more\" rel=\"bookmark\">Leia mais<i class=\"ectbe-icon-right-double\"><\/i><\/a><\/div><\/div><div id=\"event-1097\" class=\"ectbe-list-post style-1 ectbe-simple-event\" itemscope itemtype=\"http:\/\/schema.org\/Event\">\r\n\t<div class=\"ectbe-clslist-event-date ectbe-list-date\"><div class=\"ectbe-date-area default-schedule\" itemprop=\"startDate\" content=\"2021-05-15GMT+00009:00\">\r\n                                <span class=\"ev-day\">15<\/span>\r\n                                <span class=\"ev-mo\">maio<\/span>\r\n                                <span class=\"ev-yr\">2021<\/span>\r\n                                <\/div>\r\n                                <meta itemprop=\"endDate\" content=\"2021-05-15GMT+00009:30\"><\/div><div class=\"ectbe-clslist-event-info\">\r\n\t\t\t<div class=\"ectbe-clslist-inner-container\"><div class=\"ectbe-event-category ectbe-list-category\"><ul class=\"tribe_events_cat\"><li><a href=\"https:\/\/abdf.org.br\/bibliofest\/eventos\/categoria\/contacoes-de-historias\/\" rel=\"tag\">Conta\u00e7\u00f5es de Hist\u00f3rias<\/a><\/li><\/ul><\/div><h2 class=\"ectbe-list-title\">Sess\u00e3o de conta\u00e7\u00e3o de hist\u00f3rias \u2013 Grupo Vou te contar<\/h2>\r\n\t\t\t\t\t<div class=\"ectbe-clslist-time\"><span class=\"ectbe-icon\"><i class=\"ectbe-icon-clock\"><\/i><\/span><span class=\"cls-list-time\">9:00 am - 9:30 am<\/span><\/div><div class=\"ectbe-list-venue -venue\"><span class=\"ectbe-icon\"><i class=\"ectbe-icon-location\" aria-hidden=\"true\"><\/i><\/span>\r\n\t\t\t\t<!-- Venue Display Info -->\r\n\t\t\t\t\t<span class=\"ectbe-venue-details ectbe-address\" itemprop=\"location\" itemscope itemtype=\"http:\/\/schema.org\/Place\">\r\n\t\t\t\t\t<meta itemprop=\"name\" content=\"Canal ABDF &#8211; BiblioFest\">\r\n\t\t\t\t\t<div itemprop=\"address\" itemscope itemtype=\"http:\/\/schema.org\/PostalAddress\">\r\n\t\t\t\t\t<meta itemprop=\"name\" content=\"Canal ABDF &#8211; BiblioFest\">\r\n\t\t\t\t\tCanal ABDF &#8211; BiblioFest,<span class=\"tribe-address\">\n\n\n\t<span class=\"tribe-locality\">Hor\u00e1rio de Bras\u00edlia<\/span><span class=\"tribe-delimiter\">,<\/span>\n\n\n\n\t<span class=\"tribe-country-name\">Brasil<\/span>\n\n<\/span>\n\r\n\t\t\t\t\t<\/div><\/span><\/div><\/div><\/div><div class=\"ectbe-clslist-event-details\"><a href=\"https:\/\/abdf.org.br\/bibliofest\/evento\/sessao-de-contacao-de-historias-grupo-vou-te-contar-brasilia-df\/\" class=\"tribe-events-read-more\" rel=\"bookmark\">Leia mais<i class=\"ectbe-icon-right-double\"><\/i><\/a><\/div><\/div><\/div><\/div>\t\t<\/div>\n\t\t\t\t<\/div>\n\t\t\t\t\t<\/div>\n\t\t<\/div>\n\t\t\t\t\t\t\t<\/div>\n\t\t<\/section>\n\t\t\t\t<section class=\"elementor-section elementor-top-section elementor-element elementor-element-fca1b7e elementor-section-boxed elementor-section-height-default elementor-section-height-default\" data-id=\"fca1b7e\" data-element_type=\"section\">\n\t\t\t\t\t\t<div class=\"elementor-container elementor-column-gap-default\">\n\t\t\t\t\t<div class=\"elementor-column elementor-col-100 elementor-top-column elementor-element elementor-element-6c393f6\" data-id=\"6c393f6\" data-element_type=\"column\">\n\t\t\t<div class=\"elementor-widget-wrap\">\n\t\t\t\t\t\t\t\t\t<\/div>\n\t\t<\/div>\n\t\t\t\t\t\t\t<\/div>\n\t\t<\/section>\n\t\t\t\t\t\t\t<\/div>\n\t\t","protected":false},"excerpt":{"rendered":"<p>PROGRAMA\u00c7\u00c3O Conta\u00e7\u00f5es de hist\u00f3rias 07 maio 2021 Conta\u00e7\u00f5es de Hist\u00f3rias Sess\u00e3o de conta\u00e7\u00e3o de hist\u00f3rias &#8211; Grupo Paepalanthus 9:00 am &#8211; 9:30 am Canal ABDF &#8211; BiblioFest, Hor\u00e1rio de Bras\u00edlia, [&hellip;]<\/p>\n","protected":false},"author":1,"featured_media":0,"parent":0,"menu_order":0,"comment_status":"closed","ping_status":"closed","template":"","meta":{"footnotes":""},"class_list":["post-1792","page","type-page","status-publish","hentry","entry"],"_links":{"self":[{"href":"https:\/\/abdf.org.br\/bibliofest\/wp-json\/wp\/v2\/pages\/1792","targetHints":{"allow":["GET"]}}],"collection":[{"href":"https:\/\/abdf.org.br\/bibliofest\/wp-json\/wp\/v2\/pages"}],"about":[{"href":"https:\/\/abdf.org.br\/bibliofest\/wp-json\/wp\/v2\/types\/page"}],"author":[{"embeddable":true,"href":"https:\/\/abdf.org.br\/bibliofest\/wp-json\/wp\/v2\/users\/1"}],"replies":[{"embeddable":true,"href":"https:\/\/abdf.org.br\/bibliofest\/wp-json\/wp\/v2\/comments?post=1792"}],"version-history":[{"count":3,"href":"https:\/\/abdf.org.br\/bibliofest\/wp-json\/wp\/v2\/pages\/1792\/revisions"}],"predecessor-version":[{"id":1798,"href":"https:\/\/abdf.org.br\/bibliofest\/wp-json\/wp\/v2\/pages\/1792\/revisions\/1798"}],"wp:attachment":[{"href":"https:\/\/abdf.org.br\/bibliofest\/wp-json\/wp\/v2\/media?parent=1792"}],"curies":[{"name":"wp","href":"https:\/\/api.w.org\/{rel}","templated":true}]}}